{"id":22,"date":"2026-03-25T13:30:37","date_gmt":"2026-03-25T13:30:37","guid":{"rendered":"https:\/\/jinores.digital\/?page_id=22"},"modified":"2026-03-25T13:30:39","modified_gmt":"2026-03-25T13:30:39","slug":"sostenibilidad-en-cada-fibra-selecta","status":"publish","type":"page","link":"https:\/\/jinores.digital\/?page_id=22","title":{"rendered":"Sostenibilidad en cada fibra selecta"},"content":{"rendered":"\n<h3 class=\"wp-block-heading\">Compromiso \u00e9tico con el medio ambiente<\/h3>\n\n\n\n<p>Trabajar con madera conlleva una responsabilidad directa con nuestros bosques. En <strong>jinores<\/strong>, David Fern\u00e1ndez Dom\u00ednguez selecciona proveedores que cuentan con certificaciones de gesti\u00f3n forestal sostenible. No utilizamos maderas de especies en peligro de extinci\u00f3n ni barnices t\u00f3xicos que contaminen el aire de su hogar en Sevilla. Nuestro compromiso es crear muebles que duren cien a\u00f1os, reduciendo as\u00ed la necesidad de reemplazo y el desperdicio de recursos naturales.<\/p>\n\n\n\n<p><strong>Valores ecol\u00f3gicos del taller:<\/strong><\/p>\n\n\n\n<ul class=\"wp-block-list\">\n<li>Uso de aceites naturales y ceras de abeja para el acabado final.<\/li>\n\n\n\n<li>Aprovechamiento de las virutas de madera para biomasa o compostaje local.<\/li>\n\n\n\n<li>Reducci\u00f3n de adhesivos con compuestos org\u00e1nicos vol\u00e1tiles (COV).<\/li>\n\n\n\n<li>Priorizaci\u00f3n de maderas locales de la pen\u00ednsula ib\u00e9rica para reducir la huella de carbono.<\/li>\n\n\n\n<li><em>Madera certificada:<\/em> garant\u00eda de que por cada \u00e1rbol talado se plantan tres nuevos.<\/li>\n\n\n\n<li><em>Acabados al agua:<\/em> ausencia de olores fuertes y toxicidad en el ambiente dom\u00e9stico.<\/li>\n\n\n\n<li><em>Dise\u00f1o modular:<\/em> posibilidad de reparar o sustituir partes individuales del mueble.<\/li>\n\n\n\n<li><em>Econom\u00eda circular:<\/em> muebles dise\u00f1ados para ser reciclados al final de su largu\u00edsima vida \u00fatil.<\/li>\n<\/ul>\n","protected":false},"excerpt":{"rendered":"<p>Compromiso \u00e9tico con el medio ambiente Trabajar con madera conlleva una responsabilidad directa con nuestros bosques. En jinores, David Fern\u00e1ndez Dom\u00ednguez selecciona proveedores que cuentan con certificaciones de gesti\u00f3n forestal sostenible. No utilizamos maderas de especies en peligro de extinci\u00f3n ni barnices t\u00f3xicos que contaminen el aire de su hogar<\/p>\n","protected":false},"author":1,"featured_media":0,"parent":0,"menu_order":4,"comment_status":"closed","ping_status":"closed","template":"","meta":{"footnotes":""},"class_list":["post-22","page","type-page","status-publish","hentry"],"_links":{"self":[{"href":"https:\/\/jinores.digital\/index.php?rest_route=\/wp\/v2\/pages\/22","targetHints":{"allow":["GET"]}}],"collection":[{"href":"https:\/\/jinores.digital\/index.php?rest_route=\/wp\/v2\/pages"}],"about":[{"href":"https:\/\/jinores.digital\/index.php?rest_route=\/wp\/v2\/types\/page"}],"author":[{"embeddable":true,"href":"https:\/\/jinores.digital\/index.php?rest_route=\/wp\/v2\/users\/1"}],"replies":[{"embeddable":true,"href":"https:\/\/jinores.digital\/index.php?rest_route=%2Fwp%2Fv2%2Fcomments&post=22"}],"version-history":[{"count":1,"href":"https:\/\/jinores.digital\/index.php?rest_route=\/wp\/v2\/pages\/22\/revisions"}],"predecessor-version":[{"id":23,"href":"https:\/\/jinores.digital\/index.php?rest_route=\/wp\/v2\/pages\/22\/revisions\/23"}],"wp:attachment":[{"href":"https:\/\/jinores.digital\/index.php?rest_route=%2Fwp%2Fv2%2Fmedia&parent=22"}],"curies":[{"name":"wp","href":"https:\/\/api.w.org\/{rel}","templated":true}]}}